{"id":35,"date":"2018-04-28T13:41:10","date_gmt":"2018-04-28T13:41:10","guid":{"rendered":"https:\/\/alanya.law\/ru\/?page_id=35"},"modified":"2021-04-09T01:05:29","modified_gmt":"2021-04-08T22:05:29","slug":"alanya-lawyer-alanya-law-contact-find","status":"publish","type":"page","link":"https:\/\/alanya.law\/ru\/alanya-lawyer-alanya-law-contact-find\/","title":{"rendered":"\u041a\u0430\u043a \u043d\u0430\u0439\u0442\u0438 \u0438 \u0441\u0432\u044f\u0437\u0430\u0442\u044c\u0441\u044f \u0441 \u043d\u0430\u043c\u0438?"},"content":{"rendered":"<p class=\"has-large-font-size\"><strong>\u041a\u0430\u043a \u043d\u0430\u0439\u0442\u0438 \u0438 \u0441\u0432\u044f\u0437\u0430\u0442\u044c\u0441\u044f \u0441 \u043d\u0430\u043c\u0438?<\/strong><\/p>\n\n\n\n<div class=\"wp-block-yoast-seo-local-map\"><div id=\"map_canvas\" class=\"wpseo-map-canvas\" style=\"max-width: 100%; width: 800px; height: 600px;\"><ul><li><a href=\"https:\/\/alanya.law\/ru\">Alanya Lawyer - A\u015f\u0131ko\u011flu Law \u2122 International Law Office<\/a><\/li><\/ul><\/div><div id=\"wpseo-directions-wrapper\"><h3 id=\"wpseo-directions\" class=\"wpseo-directions-heading\">Rota<\/h3><form action=\"\" method=\"post\" class=\"wpseo-directions-form\" id=\"wpseo-directions-form\" onsubmit=\"wpseo_calculate_route( map_0, directionsDisplay_0, 36.55188422133957, 32.01048669538113, 0); return false;\"><p>Konumunuz: <input type=\"text\" size=\"20\" id=\"origin\" value=\"\" \/><input type=\"submit\" class=\"wpseo-directions-submit\" value=\"Rotay\u0131 g\u00f6ster\"><span id=\"wpseo-noroute\" style=\"display: none;\">Herhangi bir rota hesaplanamaz.<\/span><\/p><\/form><div id=\"directions\"><\/div><\/div><\/div>\n\n<!--themify_builder_content-->\n<div id=\"themify_builder_content-35\" data-postid=\"35\" class=\"themify_builder_content themify_builder_content-35 themify_builder tf_clear\">\n    \t<!-- module_row -->\n\t<div  data-lazy=\"1\" class=\"module_row themify_builder_row fullcover tb_2633bc7 tb_first clearfix\" >\n\t    <div class=\"tf_abs builder_row_cover\"><\/div>\t\t<div class=\"row_inner col_align_middle tf_box tf_w tf_rel\">\n\t\t\t<div  data-lazy=\"1\" style=\"width: 47.8%\" class=\"module_column tb-column col4-2 first tb_216773c tf_box\">\n\t    \t    \t        <div class=\"tb-column-inner tf_box tf_w\">\n\t\t    <!-- module plain text -->\n<div  class=\"module module-plain-text tb_h79i936 \" data-lazy=\"1\">\n        <div class=\"tb_text_wrap\" >\n\t\u041a\u0430\u043a \u043d\u0430\u0439\u0442\u0438 \u0438 \u0441\u0432\u044f\u0437\u0430\u0442\u044c\u0441\u044f \u0441 \u043d\u0430\u043c\u0438?    <\/div>\n<\/div>\n<!-- \/module plain text --><!-- module text -->\n<div  class=\"module module-text tb_cae67a1  repeat \" data-lazy=\"1\">\n            <div  class=\"tb_text_wrap\">\n    <h2>\u0441\u0432\u044f\u0437\u0430\u0442\u044c\u0441\u044f \u0441 \u043d\u0430\u043c\u0438<\/h2>    <\/div>\n<\/div>\n<!-- \/module text --><!-- module text -->\n<div  class=\"module module-text tb_d4d43c7  repeat \" data-lazy=\"1\">\n            <div  class=\"tb_text_wrap\">\n    <p>\u041d\u0435 \u0441\u0442\u0435\u0441\u043d\u044f\u0439\u0442\u0435\u0441\u044c \u043e\u0431\u0440\u0430\u0449\u0430\u0442\u044c\u0441\u044f \u043a \u043d\u0430\u043c 7\/24. \u041d\u0430\u0448\u0438 \u044e\u0440\u0438\u0441\u0442\u044b \u043e\u0442\u0432\u0435\u0442\u044f\u0442 \u0432\u0430\u043c \u043a\u0430\u043a \u043c\u043e\u0436\u043d\u043e \u0441\u043a\u043e\u0440\u0435\u0435.<\/p>    <\/div>\n<\/div>\n<!-- \/module text -->\t<div  data-lazy=\"1\" class=\"module_subrow themify_builder_sub_row tb_e7bb91f tf_w clearfix\">\n\t    \t\t<div class=\"subrow_inner gutter-none col_align_top tf_box tf_w\">\n\t\t\t<div  data-lazy=\"1\" class=\"sub_column module_column tf_box col2-1 first tb_2e0f5e3\"> \n\t    \t    \t        <div class=\"tb-column-inner tf_box tf_w\">\n\t\t    <!-- module text -->\n<div  class=\"module module-text tb_e295b45  repeat \" data-lazy=\"1\">\n            <div  class=\"tb_text_wrap\">\n    <h4>\u0418\u043d\u0444\u043e<\/h4>    <\/div>\n<\/div>\n<!-- \/module text --><!-- module divider -->\n<div  class=\"module tf_mw module-divider tb_12da89b solid  divider-custom divider-left\" style=\"border-width: 1px;border-color: rgba(255,255,255, 0.50);margin-top: 5px;margin-bottom: 13px;width: 50px;\" data-lazy=\"1\">\n        <\/div>\n<!-- \/module divider -->\n<!-- module icon -->\n<div  class=\"module module-icon tb_c0717c6  normal circle icon_vertical tf_textl\" data-lazy=\"1\">\n            <div class=\"module-icon\">\n\t\t    <div class=\"module-icon-item\">\n\t\t\t\t    <a href=\"tel:+902425139898\">\n\t\t                    \t\t    \t\t\t    <i class=\"ui tf_vmiddle tf_textc tf_box blue\"><svg class=\"tf_fa tf-fas-phone\"><use href=\"#tf-fas-phone\"><\/use><\/svg><\/i>\n\t\t                \t\t    \t\t\t<span class=\"tf_vmiddle\">+902425139898<\/span>\n\t\t    \t\t    \t\t    <\/a>\n\t\t\t    <\/div>\n\t\t    <div class=\"module-icon-item\">\n\t\t\t\t    <a href=\"info@alanya.law\">\n\t\t                    \t\t    \t\t\t    <i class=\"ui tf_vmiddle tf_textc tf_box blue\"><svg class=\"tf_fa tf-far-envelope\"><use href=\"#tf-far-envelope\"><\/use><\/svg><\/i>\n\t\t                \t\t    \t\t\t<span class=\"tf_vmiddle\">info@alanya.law<\/span>\n\t\t    \t\t    \t\t    <\/a>\n\t\t\t    <\/div>\n\t    <\/div>\n<\/div>\n<!-- \/module icon -->\n\t        <\/div>\n\t    \t<\/div>\n\t\t<div  data-lazy=\"1\" class=\"sub_column module_column tf_box col2-1 last tb_6bd1617\" > \n\t    \t    \t        <div class=\"tb-column-inner tf_box tf_w\">\n\t\t    <!-- module text -->\n<div  class=\"module module-text tb_eaac968  repeat \" data-lazy=\"1\">\n            <div  class=\"tb_text_wrap\">\n    <h4>\u0410\u0434\u0440\u0435\u0441<\/h4>    <\/div>\n<\/div>\n<!-- \/module text --><!-- module divider -->\n<div  class=\"module tf_mw module-divider tb_08449b1 solid  divider-custom divider-left\" style=\"border-width: 1px;border-color: rgba(255,255,255, 0.50);margin-top: 5px;margin-bottom: 13px;width: 50px;\" data-lazy=\"1\">\n        <\/div>\n<!-- \/module divider -->\n<!-- module text -->\n<div  class=\"module module-text tb_f62c642   \" data-lazy=\"1\">\n            <div  class=\"tb_text_wrap\">\n    <p><strong>A\u015f\u0131ko\u011flu International Law Office, <\/strong>Hacet Mahallesi, Canl\u0131lar Sokak, Avukatlar \u0130\u015f Merkezi, No:7, Kat:1, Daire: 2-3\u00a0Alanya \/ ANTALYA\u00a0 \u2013\u00a0 TURKEY<\/p>    <\/div>\n<\/div>\n<!-- \/module text -->\t        <\/div>\n\t    \t<\/div>\n\t\t    <\/div>\n\t<\/div><!-- \/themify_builder_sub_row -->\n\t\t        <\/div>\n\t    \t<\/div>\n\t\t<div  data-lazy=\"1\" style=\"width: 49%\" class=\"module_column tb-column col4-2 last tb_b754b49 tf_box\">\n\t    \t    \t        <div class=\"tb-column-inner tf_box tf_w\">\n\t\t    <!-- module widget -->\n<div  class=\"module module-widget tb_gd7f359  \" data-lazy=\"1\">\n\t<div class=\"widget google-maps\"><h2 class=\"widgettitle\">Map<\/h2><div id=\"themify_google_map_wrapper\" class=\"clearfix\">                <div\n\t\t\t\t\tclass=\"themify_map\"\n\t\t\t\t\tdata-lazy=\"1\"\n\t\t\t\t\tstyle=\"width:100%;height:300px;\"\n\t\t\t\t\tdata-address=\"Hacet Mahallesi, Hacet Mahallesi Canl\u0131lar Sokak, Avukatlar \u0130\u015f Merkezi No:7 Kat:1 Daire: 2-3, 07400 Alanya\/Antalya TURKEY\"\n\t\t\t\t\tdata-type=\"ROADMAP\"\n\t\t\t\t\tdata-zoom=\"8\"\n\t\t\t\t\tdata-scroll=\"\"\n\t\t\t\t\tdata-drag=\"1\"\n\t\t\t\t\tdata-info-window=\"\"\n\t\t\t\t\tdata-reverse-geocoding=\"\">\n\t\t\t\t<\/div>\n            <\/div><\/div><\/div>\n<!-- \/module widget -->\n\t        <\/div>\n\t    \t<\/div>\n\t\t    <\/div>\n\t    <!-- \/row_inner -->\n\t<\/div>\n\t<!-- \/module_row -->\n\t<\/div>\n<!--\/themify_builder_content-->\n\n\n<p><\/p>","protected":false},"excerpt":{"rendered":"<p>\u041a\u0430\u043a \u043d\u0430\u0439\u0442\u0438 \u0438 \u0441\u0432\u044f\u0437\u0430\u0442\u044c\u0441\u044f \u0441 \u043d\u0430\u043c\u0438?<\/p>\n","protected":false},"author":1,"featured_media":0,"parent":0,"menu_order":0,"comment_status":"closed","ping_status":"closed","template":"","meta":{"footnotes":""},"yst_prominent_words":[264],"class_list":["post-35","page","type-page","status-publish","hentry","has-post-title","has-post-date","has-post-category","has-post-tag","has-post-comment","has-post-author",""],"builder_content":"\u041a\u0430\u043a \u043d\u0430\u0439\u0442\u0438 \u0438 \u0441\u0432\u044f\u0437\u0430\u0442\u044c\u0441\u044f \u0441 \u043d\u0430\u043c\u0438?\n<h2>\u0441\u0432\u044f\u0437\u0430\u0442\u044c\u0441\u044f \u0441 \u043d\u0430\u043c\u0438<\/h2>\n<p>\u041d\u0435 \u0441\u0442\u0435\u0441\u043d\u044f\u0439\u0442\u0435\u0441\u044c \u043e\u0431\u0440\u0430\u0449\u0430\u0442\u044c\u0441\u044f \u043a \u043d\u0430\u043c 7\/24. \u041d\u0430\u0448\u0438 \u044e\u0440\u0438\u0441\u0442\u044b \u043e\u0442\u0432\u0435\u0442\u044f\u0442 \u0432\u0430\u043c \u043a\u0430\u043a \u043c\u043e\u0436\u043d\u043e \u0441\u043a\u043e\u0440\u0435\u0435.<\/p>\n<h4>\u0418\u043d\u0444\u043e<\/h4>\n\n<a href=\"tel:+902425139898\"> <i><svg><use href=\"#tf-fas-phone\"><\/use><\/svg><\/i> +902425139898 <\/a> <a href=\"info@alanya.law\"> <i><svg><use href=\"#tf-far-envelope\"><\/use><\/svg><\/i> info@alanya.law <\/a>\n<h4>\u0410\u0434\u0440\u0435\u0441<\/h4>\n\n<p><strong>A\u015f\u0131ko\u011flu International Law Office, <\/strong>Hacet Mahallesi, Canl\u0131lar Sokak, Avukatlar \u0130\u015f Merkezi, No:7, Kat:1, Daire: 2-3\u00a0Alanya \/ ANTALYA\u00a0 \u2013\u00a0 TURKEY<\/p>\n<h2>Map<\/h2>","_links":{"self":[{"href":"https:\/\/alanya.law\/ru\/wp-json\/wp\/v2\/pages\/35","targetHints":{"allow":["GET"]}}],"collection":[{"href":"https:\/\/alanya.law\/ru\/wp-json\/wp\/v2\/pages"}],"about":[{"href":"https:\/\/alanya.law\/ru\/wp-json\/wp\/v2\/types\/page"}],"author":[{"embeddable":true,"href":"https:\/\/alanya.law\/ru\/wp-json\/wp\/v2\/users\/1"}],"replies":[{"embeddable":true,"href":"https:\/\/alanya.law\/ru\/wp-json\/wp\/v2\/comments?post=35"}],"version-history":[{"count":9,"href":"https:\/\/alanya.law\/ru\/wp-json\/wp\/v2\/pages\/35\/revisions"}],"predecessor-version":[{"id":4630,"href":"https:\/\/alanya.law\/ru\/wp-json\/wp\/v2\/pages\/35\/revisions\/4630"}],"wp:attachment":[{"href":"https:\/\/alanya.law\/ru\/wp-json\/wp\/v2\/media?parent=35"}],"wp:term":[{"taxonomy":"yst_prominent_words","embeddable":true,"href":"https:\/\/alanya.law\/ru\/wp-json\/wp\/v2\/yst_prominent_words?post=35"}],"curies":[{"name":"wp","href":"https:\/\/api.w.org\/{rel}","templated":true}]}}