{"id":185,"date":"2018-05-07T23:31:21","date_gmt":"2018-05-07T23:31:21","guid":{"rendered":"https:\/\/alanya.law\/de\/?page_id=185"},"modified":"2020-05-07T16:46:19","modified_gmt":"2020-05-07T13:46:19","slug":"enes-yildiz","status":"publish","type":"page","link":"https:\/\/alanya.law\/de\/enes-yildiz\/","title":{"rendered":"Enes Y\u0131ld\u0131z"},"content":{"rendered":"<!--themify_builder_content-->\n<div id=\"themify_builder_content-185\" data-postid=\"185\" class=\"themify_builder_content themify_builder_content-185 themify_builder tf_clear\">\n    \t<!-- module_row -->\n\t<div  data-lazy=\"1\" class=\"module_row themify_builder_row tb_f2cy136 tb_first clearfix\" >\n\t    \t\t<div class=\"row_inner col_align_top tf_box tf_w tf_rel\">\n\t\t\t<div  data-lazy=\"1\" class=\"module_column tb-column col3-1 first tb_qsh7150 tf_box\">\n\t    \t    \t        <div class=\"tb-column-inner tf_box tf_w\">\n\t\t    <!-- module image -->\n<div  class=\"module module-image tb_r09q150   image-top tf_mw\" data-lazy=\"1\">\n            <div class=\"image-wrap tf_rel tf_mw\">\n\t\t    <img loading=\"lazy\" decoding=\"async\" width=\"300\" height=\"375\" src=\"https:\/\/alanya.law\/de\/wp-content\/uploads\/2019\/08\/find-best-lawyer-in-antalya-alanya.png\" class=\"wp-post-image wp-image-1771\" title=\"find lawyer in antalya alanya\" alt=\"Bodrum Alanya Manavgat Rechtsanwalt \" srcset=\"https:\/\/alanya.law\/de\/wp-content\/uploads\/2019\/08\/find-best-lawyer-in-antalya-alanya.png 300w, https:\/\/alanya.law\/de\/wp-content\/uploads\/2019\/08\/find-best-lawyer-in-antalya-alanya-240x300.png 240w\" sizes=\"(max-width: 300px) 100vw, 300px\" \/>\t\n\t\t<\/div>\n\t<!-- \/image-wrap -->\n    \n    \n<\/div>\n<!-- \/module image -->\t        <\/div>\n\t    \t<\/div>\n\t\t<div  data-lazy=\"1\" class=\"module_column tb-column col3-2 last tb_5ggp151 tf_box\">\n\t    \t    \t        <div class=\"tb-column-inner tf_box tf_w\">\n\t\t    <!-- module fancy heading -->\n<div  class=\"module module-fancy-heading tb_vlus151 \" data-lazy=\"1\">\n        <h2 class=\"fancy-heading tf_textc\">\n    <span  class=\"main-head tf_block\">\n\tEnes Y\u0131ld\u0131z    <\/span>\n    <span class=\"sub-head tf_block tf_rel\">\n\tAnwalt    <\/span>\n\n    <\/h2>\n<\/div>\n<!-- \/module fancy heading -->\n<!-- module text -->\n<div  class=\"module module-text tb_imxf151   \" data-lazy=\"1\">\n            <div  class=\"tb_text_wrap\">\n    <p>Enes Y\u0131ld\u0131z wurde 1996 in Ankara geboren. Er stammt urspr\u00fcnglich aus Artvin. Nach seiner Kindheit in \u00c7orum besuchte er die Mittel- und Oberschule in Ankara. Derzeit studiert er Rechtswissenschaften an der Akdeniz Universit\u00e4t. W\u00e4hrend seiner Schulzeit interessierte er sich f\u00fcr Bogenschie\u00dfen und Schwimmen. Derzeit ist er Pr\u00e4sident des L\u00d6SEV-Studentenvereins an der Akdeniz-Universit\u00e4t.<\/p>    <\/div>\n<\/div>\n<!-- \/module text -->\t        <\/div>\n\t    \t<\/div>\n\t\t    <\/div>\n\t    <!-- \/row_inner -->\n\t<\/div>\n\t<!-- \/module_row -->\n\t<\/div>\n<!--\/themify_builder_content-->","protected":false},"excerpt":{"rendered":"<p>Enes Y\u0131ld\u0131z wurde 1996 in Ankara geboren. Er stammt urspr\u00fcnglich aus Artvin. Nach seiner Kindheit in \u00c7orum besuchte er die Mittel- und Oberschule in Ankara. Derzeit studiert er Rechtswissenschaften an der Akdeniz Universit\u00e4t. W\u00e4hrend seiner Schulzeit interessierte er sich f\u00fcr Bogenschie\u00dfen und Schwimmen. Derzeit ist er Pr\u00e4sident des L\u00d6SEV-Studentenvereins an der Akdeniz-Universit\u00e4t.<\/p>\n","protected":false},"author":1,"featured_media":0,"parent":0,"menu_order":0,"comment_status":"closed","ping_status":"closed","template":"","meta":{"footnotes":""},"yst_prominent_words":[318,3002,323,321,240],"class_list":["post-185","page","type-page","status-publish","hentry","has-post-title","has-post-date","has-post-category","has-post-tag","has-post-comment","has-post-author",""],"builder_content":"<img loading=\"lazy\" decoding=\"async\" width=\"300\" height=\"375\" src=\"https:\/\/alanya.law\/de\/wp-content\/uploads\/2019\/08\/find-best-lawyer-in-antalya-alanya.png\" title=\"find lawyer in antalya alanya\" alt=\"Bodrum Alanya Manavgat Rechtsanwalt \" srcset=\"https:\/\/alanya.law\/de\/wp-content\/uploads\/2019\/08\/find-best-lawyer-in-antalya-alanya.png 300w, https:\/\/alanya.law\/de\/wp-content\/uploads\/2019\/08\/find-best-lawyer-in-antalya-alanya-240x300.png 240w\" sizes=\"(max-width: 300px) 100vw, 300px\" \/>\n<h2>Enes Y\u0131ld\u0131z<br\/>Anwalt<\/h2>\n<p>Enes Y\u0131ld\u0131z wurde 1996 in Ankara geboren. Er stammt urspr\u00fcnglich aus Artvin. Nach seiner Kindheit in \u00c7orum besuchte er die Mittel- und Oberschule in Ankara. Derzeit studiert er Rechtswissenschaften an der Akdeniz Universit\u00e4t. W\u00e4hrend seiner Schulzeit interessierte er sich f\u00fcr Bogenschie\u00dfen und Schwimmen. Derzeit ist er Pr\u00e4sident des L\u00d6SEV-Studentenvereins an der Akdeniz-Universit\u00e4t.<\/p>","_links":{"self":[{"href":"https:\/\/alanya.law\/de\/wp-json\/wp\/v2\/pages\/185"}],"collection":[{"href":"https:\/\/alanya.law\/de\/wp-json\/wp\/v2\/pages"}],"about":[{"href":"https:\/\/alanya.law\/de\/wp-json\/wp\/v2\/types\/page"}],"author":[{"embeddable":true,"href":"https:\/\/alanya.law\/de\/wp-json\/wp\/v2\/users\/1"}],"replies":[{"embeddable":true,"href":"https:\/\/alanya.law\/de\/wp-json\/wp\/v2\/comments?post=185"}],"version-history":[{"count":5,"href":"https:\/\/alanya.law\/de\/wp-json\/wp\/v2\/pages\/185\/revisions"}],"predecessor-version":[{"id":2197,"href":"https:\/\/alanya.law\/de\/wp-json\/wp\/v2\/pages\/185\/revisions\/2197"}],"wp:attachment":[{"href":"https:\/\/alanya.law\/de\/wp-json\/wp\/v2\/media?parent=185"}],"wp:term":[{"taxonomy":"yst_prominent_words","embeddable":true,"href":"https:\/\/alanya.law\/de\/wp-json\/wp\/v2\/yst_prominent_words?post=185"}],"curies":[{"name":"wp","href":"https:\/\/api.w.org\/{rel}","templated":true}]}}