{"id":179,"date":"2018-05-07T23:26:54","date_gmt":"2018-05-07T23:26:54","guid":{"rendered":"https:\/\/alanya.law\/de\/?page_id=179"},"modified":"2018-05-28T05:16:30","modified_gmt":"2018-05-28T02:16:30","slug":"eldar-karahanli","status":"publish","type":"page","link":"https:\/\/alanya.law\/de\/eldar-karahanli\/","title":{"rendered":"Eldar Karahanl\u0131"},"content":{"rendered":"<p>[vc_row][vc_column width=&#8220;1\/3&#8243;][vc_single_image image=&#8220;459&#8243; img_size=&#8220;full&#8220; alignment=&#8220;center&#8220;][\/vc_column][vc_column width=&#8220;2\/3&#8243;][vc_column_text]<\/p>\n<h1 style=\"text-align: center;\">Jr. Lawyer Eldar Karahanl\u0131<\/h1>\n<p style=\"font-size: 20px; text-align: justify; line-height: 1.5em;\">Born in 1994, Eldar Karahanl\u0131 completed his high school education at Alanya Hasan \u00c7olak Anatolian High School. While continuing his education at Dokuz Eyl\u00fcl University Faculty of Law between the years of 2013-2017, he worked in various law offices in \u0130zmir and graduated from university with honor degree. After his undergraduate education, he started his legal practice internship at A\u015f\u0131ko\u011flu Law Office, depending on the Antalya Bar Association. He currently works as a lawyer and legal consultant in A\u015f\u0131ko\u011flu Law Office. Areas of Expertise: Enforcement Law, Labor Law, Criminal Law, Heritage Law, Family Law, Real Estate Law, Private Law, Foreigners Law, Compensation Law<\/p>\n<p>[\/vc_column_text][\/vc_column][\/vc_row]<\/p>\n<!--themify_builder_content-->\n<div id=\"themify_builder_content-179\" data-postid=\"179\" class=\"themify_builder_content themify_builder_content-179 themify_builder tf_clear\">\n    <\/div>\n<!--\/themify_builder_content-->\n","protected":false},"excerpt":{"rendered":"<p>[vc_row][vc_column width=&#8220;1\/3&#8243;][vc_single_image image=&#8220;459&#8243; img_size=&#8220;full&#8220; alignment=&#8220;center&#8220;][\/vc_column][vc_column width=&#8220;2\/3&#8243;][vc_column_text] Jr. Lawyer Eldar Karahanl\u0131 Born in 1994, Eldar Karahanl\u0131 completed his high school education at Alanya Hasan \u00c7olak Anatolian High School. While continuing his education at Dokuz Eyl\u00fcl University Faculty of Law between the years of 2013-2017, he worked in various law offices in \u0130zmir and graduated from university [&hellip;]<\/p>\n","protected":false},"author":1,"featured_media":0,"parent":0,"menu_order":0,"comment_status":"closed","ping_status":"closed","template":"","meta":{"footnotes":""},"yst_prominent_words":[83,124,116,251,267,266,248,268,70,122,111,112,69,258,252],"class_list":["post-179","page","type-page","status-publish","hentry","has-post-title","has-post-date","has-post-category","has-post-tag","has-post-comment","has-post-author",""],"builder_content":"","_links":{"self":[{"href":"https:\/\/alanya.law\/de\/wp-json\/wp\/v2\/pages\/179"}],"collection":[{"href":"https:\/\/alanya.law\/de\/wp-json\/wp\/v2\/pages"}],"about":[{"href":"https:\/\/alanya.law\/de\/wp-json\/wp\/v2\/types\/page"}],"author":[{"embeddable":true,"href":"https:\/\/alanya.law\/de\/wp-json\/wp\/v2\/users\/1"}],"replies":[{"embeddable":true,"href":"https:\/\/alanya.law\/de\/wp-json\/wp\/v2\/comments?post=179"}],"version-history":[{"count":0,"href":"https:\/\/alanya.law\/de\/wp-json\/wp\/v2\/pages\/179\/revisions"}],"wp:attachment":[{"href":"https:\/\/alanya.law\/de\/wp-json\/wp\/v2\/media?parent=179"}],"wp:term":[{"taxonomy":"yst_prominent_words","embeddable":true,"href":"https:\/\/alanya.law\/de\/wp-json\/wp\/v2\/yst_prominent_words?post=179"}],"curies":[{"name":"wp","href":"https:\/\/api.w.org\/{rel}","templated":true}]}}