{"id":143,"date":"2018-04-29T20:22:49","date_gmt":"2018-04-29T20:22:49","guid":{"rendered":"https:\/\/alanya.law\/de\/?page_id=143"},"modified":"2020-05-07T16:14:08","modified_gmt":"2020-05-07T13:14:08","slug":"ahmet-yasin-yildiz","status":"publish","type":"page","link":"https:\/\/alanya.law\/de\/ahmet-yasin-yildiz\/","title":{"rendered":"Ahmet Yasin Y\u0131ld\u0131z"},"content":{"rendered":"<!--themify_builder_content-->\n<div id=\"themify_builder_content-143\" data-postid=\"143\" class=\"themify_builder_content themify_builder_content-143 themify_builder tf_clear\">\n    \t<!-- module_row -->\n\t<div  data-lazy=\"1\" class=\"module_row themify_builder_row tb_dqk0963 tb_first clearfix\" >\n\t    \t\t<div class=\"row_inner col_align_top tf_box tf_w tf_rel\">\n\t\t\t<div  data-lazy=\"1\" class=\"module_column tb-column col3-1 first tb_uou1973 tf_box\">\n\t    \t    \t        <div class=\"tb-column-inner tf_box tf_w\">\n\t\t    <!-- module image -->\n<div  class=\"module module-image tb_zidk973   image-top tf_mw\" data-lazy=\"1\">\n            <div class=\"image-wrap tf_rel tf_mw\">\n\t\t    <img loading=\"lazy\" decoding=\"async\" width=\"300\" height=\"375\" src=\"https:\/\/alanya.law\/de\/wp-content\/uploads\/2019\/08\/alanya-lawyer-fethiye-lawyer-ahmet-yildiz.png\" class=\"wp-post-image wp-image-1768\" title=\"alanya lawyer fethiye lawyer ahmet yildiz\" alt=\"Ka\u015f Rechtsanwalt\" srcset=\"https:\/\/alanya.law\/de\/wp-content\/uploads\/2019\/08\/alanya-lawyer-fethiye-lawyer-ahmet-yildiz.png 300w, https:\/\/alanya.law\/de\/wp-content\/uploads\/2019\/08\/alanya-lawyer-fethiye-lawyer-ahmet-yildiz-240x300.png 240w\" sizes=\"(max-width: 300px) 100vw, 300px\" \/>\t\n\t\t<\/div>\n\t<!-- \/image-wrap -->\n    \n    \n<\/div>\n<!-- \/module image -->\t        <\/div>\n\t    \t<\/div>\n\t\t<div  data-lazy=\"1\" class=\"module_column tb-column col3-2 last tb_i2xn973 tf_box\">\n\t    \t    \t        <div class=\"tb-column-inner tf_box tf_w\">\n\t\t    <!-- module fancy heading -->\n<div  class=\"module module-fancy-heading tb_7ttg974 \" data-lazy=\"1\">\n        <h2 class=\"fancy-heading tf_textc\">\n    <span  class=\"main-head tf_block\">\n\tAhmet Yasin Y\u0131ld\u0131z    <\/span>\n    <span class=\"sub-head tf_block tf_rel\">\n\tRechtsanwalt    <\/span>\n\n    <\/h2>\n<\/div>\n<!-- \/module fancy heading -->\n<!-- module text -->\n<div  class=\"module module-text tb_4kgz974   \" data-lazy=\"1\">\n            <div  class=\"tb_text_wrap\">\n    <p>Alanya Anwalt Ahmet Yasin Y\u0131ld\u0131z wurde am 03.05.1994 in Gazipa\u015fa geboren. Er absolvierte seine Highschool-Ausbildung an der Gazipa\u015fa Anatolian High School. 2012 begann er ein Studium an der Juristischen Fakult\u00e4t der Universit\u00e4t von Ankara. Er absolvierte die Fakult\u00e4t im Jahr 2016. Er hat sich bei der Anwaltskammer von Antalya als Anwalt registriert. Danach begann er in der Anwaltskanzlei A\u015f\u0131ko\u011flu zu arbeiten.<\/p>\n<p>Seit seiner Universit\u00e4tszeit besch\u00e4ftigt er sich insbesondere mit Strafrecht, Verbraucherrecht, EU-Recht, Gesellschaftsrecht und Rechtssoziologie.<\/p>\n<p>Der Anwalt Ahmet Yasin Y\u0131ld\u0131z, einer der Gr\u00fcnder des Ara Culture and Art Nagazine, der w\u00e4hrend der Universit\u00e4tsjahre in ganz Ankara ver\u00f6ffentlicht wurde, schrieb hier vier Jahre lang als Autor. Er arbeitete auch aktiv an Tierrechten in der Gruppe &#8222;Hand unter dem Stein&#8220; der Juristischen Fakult\u00e4t der Universit\u00e4t Ankara.<\/p>    <\/div>\n<\/div>\n<!-- \/module text -->\t        <\/div>\n\t    \t<\/div>\n\t\t    <\/div>\n\t    <!-- \/row_inner -->\n\t<\/div>\n\t<!-- \/module_row -->\n\t<\/div>\n<!--\/themify_builder_content-->","protected":false},"excerpt":{"rendered":"<p>Alanya Anwalt Ahmet Yasin Y\u0131ld\u0131z wurde am 03.05.1994 in Gazipa\u015fa geboren. Er absolvierte seine Highschool-Ausbildung an der Gazipa\u015fa Anatolian High School. 2012 begann er ein Studium an der Juristischen Fakult\u00e4t der Universit\u00e4t von Ankara. Er absolvierte die Fakult\u00e4t im Jahr 2016. Er hat sich bei der Anwaltskammer von Antalya als Anwalt registriert. Danach begann er [&hellip;]<\/p>\n","protected":false},"author":1,"featured_media":0,"parent":0,"menu_order":0,"comment_status":"closed","ping_status":"closed","template":"","meta":{"footnotes":""},"yst_prominent_words":[2984,238,236,203,318,2981,2979,2978,607,2985,2982,2914,320,2986,2916,613,2988,239,237,240],"class_list":["post-143","page","type-page","status-publish","hentry","has-post-title","has-post-date","has-post-category","has-post-tag","has-post-comment","has-post-author",""],"builder_content":"<img loading=\"lazy\" decoding=\"async\" width=\"300\" height=\"375\" src=\"https:\/\/alanya.law\/de\/wp-content\/uploads\/2019\/08\/alanya-lawyer-fethiye-lawyer-ahmet-yildiz.png\" title=\"alanya lawyer fethiye lawyer ahmet yildiz\" alt=\"Ka\u015f Rechtsanwalt\" srcset=\"https:\/\/alanya.law\/de\/wp-content\/uploads\/2019\/08\/alanya-lawyer-fethiye-lawyer-ahmet-yildiz.png 300w, https:\/\/alanya.law\/de\/wp-content\/uploads\/2019\/08\/alanya-lawyer-fethiye-lawyer-ahmet-yildiz-240x300.png 240w\" sizes=\"(max-width: 300px) 100vw, 300px\" \/>\n<h2>Ahmet Yasin Y\u0131ld\u0131z<br\/>Rechtsanwalt<\/h2>\n<p>Alanya Anwalt Ahmet Yasin Y\u0131ld\u0131z wurde am 03.05.1994 in Gazipa\u015fa geboren. Er absolvierte seine Highschool-Ausbildung an der Gazipa\u015fa Anatolian High School. 2012 begann er ein Studium an der Juristischen Fakult\u00e4t der Universit\u00e4t von Ankara. Er absolvierte die Fakult\u00e4t im Jahr 2016. Er hat sich bei der Anwaltskammer von Antalya als Anwalt registriert. Danach begann er in der Anwaltskanzlei A\u015f\u0131ko\u011flu zu arbeiten.<\/p> <p>Seit seiner Universit\u00e4tszeit besch\u00e4ftigt er sich insbesondere mit Strafrecht, Verbraucherrecht, EU-Recht, Gesellschaftsrecht und Rechtssoziologie.<\/p> <p>Der Anwalt Ahmet Yasin Y\u0131ld\u0131z, einer der Gr\u00fcnder des Ara Culture and Art Nagazine, der w\u00e4hrend der Universit\u00e4tsjahre in ganz Ankara ver\u00f6ffentlicht wurde, schrieb hier vier Jahre lang als Autor. Er arbeitete auch aktiv an Tierrechten in der Gruppe \"Hand unter dem Stein\" der Juristischen Fakult\u00e4t der Universit\u00e4t Ankara.<\/p>","_links":{"self":[{"href":"https:\/\/alanya.law\/de\/wp-json\/wp\/v2\/pages\/143"}],"collection":[{"href":"https:\/\/alanya.law\/de\/wp-json\/wp\/v2\/pages"}],"about":[{"href":"https:\/\/alanya.law\/de\/wp-json\/wp\/v2\/types\/page"}],"author":[{"embeddable":true,"href":"https:\/\/alanya.law\/de\/wp-json\/wp\/v2\/users\/1"}],"replies":[{"embeddable":true,"href":"https:\/\/alanya.law\/de\/wp-json\/wp\/v2\/comments?post=143"}],"version-history":[{"count":2,"href":"https:\/\/alanya.law\/de\/wp-json\/wp\/v2\/pages\/143\/revisions"}],"predecessor-version":[{"id":2118,"href":"https:\/\/alanya.law\/de\/wp-json\/wp\/v2\/pages\/143\/revisions\/2118"}],"wp:attachment":[{"href":"https:\/\/alanya.law\/de\/wp-json\/wp\/v2\/media?parent=143"}],"wp:term":[{"taxonomy":"yst_prominent_words","embeddable":true,"href":"https:\/\/alanya.law\/de\/wp-json\/wp\/v2\/yst_prominent_words?post=143"}],"curies":[{"name":"wp","href":"https:\/\/api.w.org\/{rel}","templated":true}]}}