{"id":142,"date":"2018-04-29T20:22:49","date_gmt":"2018-04-29T20:22:49","guid":{"rendered":"https:\/\/alanya.law\/de\/?page_id=142"},"modified":"2020-05-07T16:46:26","modified_gmt":"2020-05-07T13:46:26","slug":"gamze-gokceoglu","status":"publish","type":"page","link":"https:\/\/alanya.law\/de\/gamze-gokceoglu\/","title":{"rendered":"Gamze G\u00f6k\u00e7eo\u011flu"},"content":{"rendered":"<!--themify_builder_content-->\n<div id=\"themify_builder_content-142\" data-postid=\"142\" class=\"themify_builder_content themify_builder_content-142 themify_builder tf_clear\">\n    \t<!-- module_row -->\n\t<div  data-lazy=\"1\" class=\"module_row themify_builder_row tb_cjqc866 tb_first clearfix\" >\n\t    \t\t<div class=\"row_inner col_align_top tf_box tf_w tf_rel\">\n\t\t\t<div  data-lazy=\"1\" class=\"module_column tb-column col3-1 first tb_68h3873 tf_box\">\n\t    \t    \t        <div class=\"tb-column-inner tf_box tf_w\">\n\t\t    <!-- module image -->\n<div  class=\"module module-image tb_i3hw873   image-top tf_mw\" data-lazy=\"1\">\n            <div class=\"image-wrap tf_rel tf_mw\">\n\t\t    <img loading=\"lazy\" decoding=\"async\" width=\"300\" height=\"375\" src=\"https:\/\/alanya.law\/de\/wp-content\/uploads\/2019\/08\/alanya-rechtsanwalt-gamze-gokceoglu.jpg\" class=\"wp-post-image wp-image-1765\" title=\"alanya rechtsanwalt gamze gokceoglu\" alt=\"Fethiye Rechtsanwalt\" srcset=\"https:\/\/alanya.law\/de\/wp-content\/uploads\/2019\/08\/alanya-rechtsanwalt-gamze-gokceoglu.jpg 300w, https:\/\/alanya.law\/de\/wp-content\/uploads\/2019\/08\/alanya-rechtsanwalt-gamze-gokceoglu-240x300.jpg 240w\" sizes=\"(max-width: 300px) 100vw, 300px\" \/>\t\n\t\t<\/div>\n\t<!-- \/image-wrap -->\n    \n    \n<\/div>\n<!-- \/module image -->\t        <\/div>\n\t    \t<\/div>\n\t\t<div  data-lazy=\"1\" class=\"module_column tb-column col3-2 last tb_ton9873 tf_box\">\n\t    \t    \t        <div class=\"tb-column-inner tf_box tf_w\">\n\t\t    <!-- module fancy heading -->\n<div  class=\"module module-fancy-heading tb_wcik874 \" data-lazy=\"1\">\n        <h2 class=\"fancy-heading tf_textc\">\n    <span  class=\"main-head tf_block\">\n\tGamze G\u00f6k\u00e7eo\u011flu    <\/span>\n    <span class=\"sub-head tf_block tf_rel\">\n\tRechtsanwalt    <\/span>\n\n    <\/h2>\n<\/div>\n<!-- \/module fancy heading -->\n<!-- module text -->\n<div  class=\"module module-text tb_p7c8874   \" data-lazy=\"1\">\n            <div  class=\"tb_text_wrap\">\n    <p>Gamze G\u00d6K\u00c7EO\u011eLU wurde am 01.01.1987 in Alanya geboren. Sie hatte ihre Primar- und Sekundarschulausbildung in Alanya abgeschlossen. Auch sie hatte ihre Oberschulausbildung in Alanya abgeschlossen. Nach dem Abitur begann sie eine Grundausbildung an der Fakult\u00e4t f\u00fcr K\u00fcnste und Wissenschaften der Universit\u00e4t Istanbul. Danach schloss Gamze G\u00f6k\u00e7eo\u011flu ihr Masterstudium an der Akdeniz-Universit\u00e4t ab. Als sie an der Universit\u00e4t studierte, entschied sie sich auch f\u00fcr das Studium der Rechtswissenschaften und begann ihre zweite Grundausbildung an der Rechtsfakult\u00e4t der Universit\u00e4t Anadolu. Nach ihrem Abschluss an der Juristischen Fakult\u00e4t hat sie sich bei der Anwaltskammer in Antalya registriert und begonnen, als Anw\u00e4ltin und Rechtsberaterin in der Anwaltskanzlei A\u015f\u0131ko\u011flu zu arbeiten. Einige ihrer T\u00e4tigkeitsschwerpunkte sind: Familienrecht, Arbeitsrecht, Strafrecht, Erbrecht, Immobilienrecht, Handelsrecht.<\/p>\n<p>Die Alanya-Anw\u00e4ltin Gamze G\u00f6k\u00e7eo\u011flu ist Dichterin und m\u00f6chte in den kommenden Jahren ein Dichterbuch ver\u00f6ffentlichen. Sie ist semiprofessionelle Schwimmerin. Sie ist auch Reisende. Gamze G\u00f6k\u00e7eo\u011flu interessiert sich f\u00fcr Fotografie, lateinamerikanische T\u00e4nze und dekorative Kunst.<\/p>    <\/div>\n<\/div>\n<!-- \/module text -->\t        <\/div>\n\t    \t<\/div>\n\t\t    <\/div>\n\t    <!-- \/row_inner -->\n\t<\/div>\n\t<!-- \/module_row -->\n\t<\/div>\n<!--\/themify_builder_content-->","protected":false},"excerpt":{"rendered":"<p>Gamze G\u00d6K\u00c7EO\u011eLU wurde am 01.01.1987 in Alanya geboren. Sie hatte ihre Primar- und Sekundarschulausbildung in Alanya abgeschlossen. Auch sie hatte ihre Oberschulausbildung in Alanya abgeschlossen. Nach dem Abitur begann sie eine Grundausbildung an der Fakult\u00e4t f\u00fcr K\u00fcnste und Wissenschaften der Universit\u00e4t Istanbul. Danach schloss Gamze G\u00f6k\u00e7eo\u011flu ihr Masterstudium an der Akdeniz-Universit\u00e4t ab. Als sie an [&hellip;]<\/p>\n","protected":false},"author":1,"featured_media":0,"parent":0,"menu_order":0,"comment_status":"closed","ping_status":"closed","template":"","meta":{"footnotes":""},"yst_prominent_words":[2963,2956,242,2908,189,191,2970,2948,248,243,70,245,2945,2965,2944,2939,2972,247,246,2907],"class_list":["post-142","page","type-page","status-publish","hentry","has-post-title","has-post-date","has-post-category","has-post-tag","has-post-comment","has-post-author",""],"builder_content":"<img loading=\"lazy\" decoding=\"async\" width=\"300\" height=\"375\" src=\"https:\/\/alanya.law\/de\/wp-content\/uploads\/2019\/08\/alanya-rechtsanwalt-gamze-gokceoglu.jpg\" title=\"alanya rechtsanwalt gamze gokceoglu\" alt=\"Fethiye Rechtsanwalt\" srcset=\"https:\/\/alanya.law\/de\/wp-content\/uploads\/2019\/08\/alanya-rechtsanwalt-gamze-gokceoglu.jpg 300w, https:\/\/alanya.law\/de\/wp-content\/uploads\/2019\/08\/alanya-rechtsanwalt-gamze-gokceoglu-240x300.jpg 240w\" sizes=\"(max-width: 300px) 100vw, 300px\" \/>\n<h2>Gamze G\u00f6k\u00e7eo\u011flu<br\/>Rechtsanwalt<\/h2>\n<p>Gamze G\u00d6K\u00c7EO\u011eLU wurde am 01.01.1987 in Alanya geboren. Sie hatte ihre Primar- und Sekundarschulausbildung in Alanya abgeschlossen. Auch sie hatte ihre Oberschulausbildung in Alanya abgeschlossen. Nach dem Abitur begann sie eine Grundausbildung an der Fakult\u00e4t f\u00fcr K\u00fcnste und Wissenschaften der Universit\u00e4t Istanbul. Danach schloss Gamze G\u00f6k\u00e7eo\u011flu ihr Masterstudium an der Akdeniz-Universit\u00e4t ab. Als sie an der Universit\u00e4t studierte, entschied sie sich auch f\u00fcr das Studium der Rechtswissenschaften und begann ihre zweite Grundausbildung an der Rechtsfakult\u00e4t der Universit\u00e4t Anadolu. Nach ihrem Abschluss an der Juristischen Fakult\u00e4t hat sie sich bei der Anwaltskammer in Antalya registriert und begonnen, als Anw\u00e4ltin und Rechtsberaterin in der Anwaltskanzlei A\u015f\u0131ko\u011flu zu arbeiten. Einige ihrer T\u00e4tigkeitsschwerpunkte sind: Familienrecht, Arbeitsrecht, Strafrecht, Erbrecht, Immobilienrecht, Handelsrecht.<\/p> <p>Die Alanya-Anw\u00e4ltin Gamze G\u00f6k\u00e7eo\u011flu ist Dichterin und m\u00f6chte in den kommenden Jahren ein Dichterbuch ver\u00f6ffentlichen. Sie ist semiprofessionelle Schwimmerin. Sie ist auch Reisende. Gamze G\u00f6k\u00e7eo\u011flu interessiert sich f\u00fcr Fotografie, lateinamerikanische T\u00e4nze und dekorative Kunst.<\/p>","_links":{"self":[{"href":"https:\/\/alanya.law\/de\/wp-json\/wp\/v2\/pages\/142"}],"collection":[{"href":"https:\/\/alanya.law\/de\/wp-json\/wp\/v2\/pages"}],"about":[{"href":"https:\/\/alanya.law\/de\/wp-json\/wp\/v2\/types\/page"}],"author":[{"embeddable":true,"href":"https:\/\/alanya.law\/de\/wp-json\/wp\/v2\/users\/1"}],"replies":[{"embeddable":true,"href":"https:\/\/alanya.law\/de\/wp-json\/wp\/v2\/comments?post=142"}],"version-history":[{"count":4,"href":"https:\/\/alanya.law\/de\/wp-json\/wp\/v2\/pages\/142\/revisions"}],"predecessor-version":[{"id":2195,"href":"https:\/\/alanya.law\/de\/wp-json\/wp\/v2\/pages\/142\/revisions\/2195"}],"wp:attachment":[{"href":"https:\/\/alanya.law\/de\/wp-json\/wp\/v2\/media?parent=142"}],"wp:term":[{"taxonomy":"yst_prominent_words","embeddable":true,"href":"https:\/\/alanya.law\/de\/wp-json\/wp\/v2\/yst_prominent_words?post=142"}],"curies":[{"name":"wp","href":"https:\/\/api.w.org\/{rel}","templated":true}]}}