{"id":141,"date":"2018-04-29T20:22:49","date_gmt":"2018-04-29T20:22:49","guid":{"rendered":"https:\/\/alanya.law\/de\/?page_id=141"},"modified":"2020-05-07T16:46:59","modified_gmt":"2020-05-07T13:46:59","slug":"sancar-akisoglu","status":"publish","type":"page","link":"https:\/\/alanya.law\/de\/sancar-akisoglu\/","title":{"rendered":"Sancar Ak\u0131\u015fo\u011flu"},"content":{"rendered":"<!--themify_builder_content-->\n<div id=\"themify_builder_content-141\" data-postid=\"141\" class=\"themify_builder_content themify_builder_content-141 themify_builder tf_clear\">\n    \t<!-- module_row -->\n\t<div  data-lazy=\"1\" class=\"module_row themify_builder_row tb_ylpq86 tb_first clearfix\" >\n\t    \t\t<div class=\"row_inner col_align_top tf_box tf_w tf_rel\">\n\t\t\t<div  data-lazy=\"1\" class=\"module_column tb-column col3-1 first tb_ny2l91 tf_box\">\n\t    \t    \t        <div class=\"tb-column-inner tf_box tf_w\">\n\t\t    <!-- module image -->\n<div  class=\"module module-image tb_252l91   image-top tf_mw\" data-lazy=\"1\">\n            <div class=\"image-wrap tf_rel tf_mw\">\n\t\t    <img loading=\"lazy\" decoding=\"async\" width=\"300\" height=\"375\" src=\"https:\/\/alanya.law\/de\/wp-content\/uploads\/2019\/08\/Alanya-Lawyer-Sancar-Akisoglu-edit.jpg\" class=\"wp-post-image wp-image-1767\" title=\"Alanya-Lawyer-Sancar-Akisoglu-edit\" alt=\"Kemer Rechtsanwalt\" srcset=\"https:\/\/alanya.law\/de\/wp-content\/uploads\/2019\/08\/Alanya-Lawyer-Sancar-Akisoglu-edit.jpg 300w, https:\/\/alanya.law\/de\/wp-content\/uploads\/2019\/08\/Alanya-Lawyer-Sancar-Akisoglu-edit-240x300.jpg 240w\" sizes=\"(max-width: 300px) 100vw, 300px\" \/>\t\n\t\t<\/div>\n\t<!-- \/image-wrap -->\n    \n    \n<\/div>\n<!-- \/module image -->\t        <\/div>\n\t    \t<\/div>\n\t\t<div  data-lazy=\"1\" class=\"module_column tb-column col3-2 last tb_kju591 tf_box\">\n\t    \t    \t        <div class=\"tb-column-inner tf_box tf_w\">\n\t\t    <!-- module fancy heading -->\n<div  class=\"module module-fancy-heading tb_ks5z92 \" data-lazy=\"1\">\n        <h2 class=\"fancy-heading tf_textc\">\n    <span  class=\"main-head tf_block\">\n\tSancar Ak\u0131\u015fo\u011flu    <\/span>\n    <span class=\"sub-head tf_block tf_rel\">\n\tRechtsanwalt    <\/span>\n\n    <\/h2>\n<\/div>\n<!-- \/module fancy heading -->\n<!-- module text -->\n<div  class=\"module module-text tb_58ur92   \" data-lazy=\"1\">\n            <div  class=\"tb_text_wrap\">\n    <p>Sancar Ak\u0131\u015fo\u011flu wurde in Alanya geboren. Rechtsanwalt Sancar A\u015f\u0131ko\u011flu beendete seine High School Ausbildung an der Alanya High School. Nach Abschluss seiner juristischen Ausbildung an der Juristischen Fakult\u00e4t der Universit\u00e4t Istanbul Okan begann er seine selbst\u00e4ndige Anwaltskarriere als Mitglied der Anwaltskammer von Antalya. Derzeit ist er Rechtsanwalt und Rechtsberater in der Anwaltskanzlei A\u015f\u0131ko\u011flu. Seine Fachgebiete sind: Arbeitsrecht, Strafrecht, Erbrecht, Eigentumsrecht, Privatrecht.<\/p>    <\/div>\n<\/div>\n<!-- \/module text -->\t        <\/div>\n\t    \t<\/div>\n\t\t    <\/div>\n\t    <!-- \/row_inner -->\n\t<\/div>\n\t<!-- \/module_row -->\n\t<\/div>\n<!--\/themify_builder_content-->","protected":false},"excerpt":{"rendered":"<p>Sancar Ak\u0131\u015fo\u011fluRechtsanwalt Sancar Ak\u0131\u015fo\u011flu wurde in Alanya geboren. Rechtsanwalt Sancar A\u015f\u0131ko\u011flu beendete seine High School Ausbildung an der Alanya High School. Nach Abschluss seiner juristischen Ausbildung an der Juristischen Fakult\u00e4t der Universit\u00e4t Istanbul Okan begann er seine selbst\u00e4ndige Anwaltskarriere als Mitglied der Anwaltskammer von Antalya. Derzeit ist er Rechtsanwalt und Rechtsberater in der Anwaltskanzlei A\u015f\u0131ko\u011flu. [&hellip;]<\/p>\n","protected":false},"author":1,"featured_media":0,"parent":0,"menu_order":0,"comment_status":"closed","ping_status":"closed","template":"","meta":{"footnotes":""},"yst_prominent_words":[531,102,83,3008,2971,248,2986,2983,260,530,258],"class_list":["post-141","page","type-page","status-publish","hentry","has-post-title","has-post-date","has-post-category","has-post-tag","has-post-comment","has-post-author",""],"builder_content":"<img loading=\"lazy\" decoding=\"async\" width=\"300\" height=\"375\" src=\"https:\/\/alanya.law\/de\/wp-content\/uploads\/2019\/08\/Alanya-Lawyer-Sancar-Akisoglu-edit.jpg\" title=\"Alanya-Lawyer-Sancar-Akisoglu-edit\" alt=\"Kemer Rechtsanwalt\" srcset=\"https:\/\/alanya.law\/de\/wp-content\/uploads\/2019\/08\/Alanya-Lawyer-Sancar-Akisoglu-edit.jpg 300w, https:\/\/alanya.law\/de\/wp-content\/uploads\/2019\/08\/Alanya-Lawyer-Sancar-Akisoglu-edit-240x300.jpg 240w\" sizes=\"(max-width: 300px) 100vw, 300px\" \/>\n<h2>Sancar Ak\u0131\u015fo\u011flu<br\/>Rechtsanwalt<\/h2>\n<p>Sancar Ak\u0131\u015fo\u011flu wurde in Alanya geboren. Rechtsanwalt Sancar A\u015f\u0131ko\u011flu beendete seine High School Ausbildung an der Alanya High School. Nach Abschluss seiner juristischen Ausbildung an der Juristischen Fakult\u00e4t der Universit\u00e4t Istanbul Okan begann er seine selbst\u00e4ndige Anwaltskarriere als Mitglied der Anwaltskammer von Antalya. Derzeit ist er Rechtsanwalt und Rechtsberater in der Anwaltskanzlei A\u015f\u0131ko\u011flu. Seine Fachgebiete sind: Arbeitsrecht, Strafrecht, Erbrecht, Eigentumsrecht, Privatrecht.<\/p>","_links":{"self":[{"href":"https:\/\/alanya.law\/de\/wp-json\/wp\/v2\/pages\/141"}],"collection":[{"href":"https:\/\/alanya.law\/de\/wp-json\/wp\/v2\/pages"}],"about":[{"href":"https:\/\/alanya.law\/de\/wp-json\/wp\/v2\/types\/page"}],"author":[{"embeddable":true,"href":"https:\/\/alanya.law\/de\/wp-json\/wp\/v2\/users\/1"}],"replies":[{"embeddable":true,"href":"https:\/\/alanya.law\/de\/wp-json\/wp\/v2\/comments?post=141"}],"version-history":[{"count":4,"href":"https:\/\/alanya.law\/de\/wp-json\/wp\/v2\/pages\/141\/revisions"}],"predecessor-version":[{"id":2201,"href":"https:\/\/alanya.law\/de\/wp-json\/wp\/v2\/pages\/141\/revisions\/2201"}],"wp:attachment":[{"href":"https:\/\/alanya.law\/de\/wp-json\/wp\/v2\/media?parent=141"}],"wp:term":[{"taxonomy":"yst_prominent_words","embeddable":true,"href":"https:\/\/alanya.law\/de\/wp-json\/wp\/v2\/yst_prominent_words?post=141"}],"curies":[{"name":"wp","href":"https:\/\/api.w.org\/{rel}","templated":true}]}}